{"id":18,"date":"2014-05-12T08:03:40","date_gmt":"2014-05-12T08:03:40","guid":{"rendered":"http:\/\/www.josezorita.es\/web\/webmercedes\/?page_id=18"},"modified":"2026-01-27T12:13:22","modified_gmt":"2026-01-27T12:13:22","slug":"cuatro","status":"publish","type":"page","link":"https:\/\/www.mercedesballesteros.es\/?page_id=18","title":{"rendered":"Videos"},"content":{"rendered":"<ul>\n<li><a href=\"https:\/\/www.mercedesballesteros.es\/wp-content\/uploads\/2018\/10\/CatalogoAteneo2018.pdf\" target=\"_blank\" rel=\"noopener\">Cat\u00e1logo de la Exposici\u00f3n desde la Tercera Dimensi\u00f3n a la Acuarela (Ateneo de Madrid).<\/a><\/li>\n<li><a href=\"http:\/\/www.mercedesballesteros.es\/?p=444\" target=\"_blank\" rel=\"noopener\">Exposici\u00f3n desde la Tercera Dimensi\u00f3n a la Acuarela (Ateneo de Madrid).<\/a><\/li>\n<li><a href=\"http:\/\/www.mercedesballesteros.es\/?p=441\" target=\"_blank\" rel=\"noopener\">Exposici\u00f3n \u00abLa Mirada en el Rostro\u00bb en la sala Eduardo Chicharro de AEPE.<\/a><\/li>\n<li><a title=\"Exposici\u00f3n Colores al Agua en la Televisi\u00f3n Colombiana.\" href=\"http:\/\/www.mercedesballesteros.es\/?p=392\" target=\"_blank\" rel=\"noopener\">Televisi\u00f3n Colombiana de la exposici\u00f3n; Colores al Agua.<\/a><\/li>\n<li><a href=\"http:\/\/www.mercedesballesteros.es\/?p=429\" target=\"_blank\" rel=\"noopener\">Reportaje de Mercedes Ballesteros, 30 a\u00f1os en el Arte.<\/a><\/li>\n<li><a title=\"Mercedes Ballesteros 30 a\u00f1os en el Arte.\" href=\"http:\/\/www.mercedesballesteros.es\/?p=287\" target=\"_blank\" rel=\"noopener\">Exposici\u00f3n Antol\u00f3gica; Mercedes ballesteros 30 a\u00f1os en el Arte.<\/a><\/li>\n<li><a href=\"http:\/\/www.mercedesballesteros.es\/?p=397\" target=\"_blank\" rel=\"noopener\">Exposici\u00f3n en el Torre\u00f3n de los Guzmanes (\u00c1vila).<\/a><\/li>\n<li><a href=\"https:\/\/www.mercedesballesteros.es\/?p=2025\" target=\"_blank\" rel=\"noopener\">El Arte es Maravilloso y hace disfrutar a la gente, y hay que sentirlo.<\/a><\/li>\n<li><a href=\"https:\/\/www.mercedesballesteros.es\/?p=2023\" target=\"_blank\" rel=\"noopener\">Acto Institucional de Reconocimientos Civiles al Pueblo de Noblejas.<\/a><\/li>\n<li><a href=\"https:\/\/www.mercedesballesteros.es\/?p=2054\" target=\"_blank\" rel=\"noopener\">Realismo eres tu&#8230;<\/a><\/li>\n<li><a href=\"https:\/\/www.mercedesballesteros.es\/?p=4292\" target=\"_blank\" rel=\"noopener\">II Realismo eres tu&#8230;<\/a><\/li>\n<li><a href=\"https:\/\/www.mercedesballesteros.es\/?p=2059\" target=\"_blank\" rel=\"noopener\">Arte con mirada de mujer.<\/a><\/li>\n<li><a href=\"https:\/\/www.mercedesballesteros.es\/?p=4290\" target=\"_blank\" rel=\"noopener\">El Rey a los ojos de los pintores Espa\u00f1oles.<\/a><\/li>\n<li><a href=\"https:\/\/www.mercedesballesteros.es\/?p=6309\">Entrevista en A MI MANERA.<\/a><\/li>\n<li><a href=\"https:\/\/www.mercedesballesteros.es\/?p=6307\">Exposici\u00f3n de pintura y escultura.<\/a><\/li>\n<li><a href=\"https:\/\/www.mercedesballesteros.es\/?p=6303\">Entrevista en Arte y Cultura<\/a>.<\/li>\n<\/ul>\n","protected":false},"excerpt":{"rendered":"<p>Cat\u00e1logo de la Exposici\u00f3n desde la Tercera Dimensi\u00f3n a la Acuarela (Ateneo de Madrid). Exposici\u00f3n desde la Tercera Dimensi\u00f3n a la Acuarela (Ateneo de Madrid). Exposici\u00f3n \u00abLa Mirada en el Rostro\u00bb en la sala Eduardo Chicharro de AEPE. Televisi\u00f3n Colombiana &hellip; <a href=\"https:\/\/www.mercedesballesteros.es\/?page_id=18\">Continuar<\/a><\/p>\n","protected":false},"author":1,"featured_media":0,"parent":0,"menu_order":0,"comment_status":"closed","ping_status":"closed","template":"","meta":{"kt_blocks_editor_width":""},"aioseo_notices":[],"_links":{"self":[{"href":"https:\/\/www.mercedesballesteros.es\/index.php?rest_route=\/wp\/v2\/pages\/18"}],"collection":[{"href":"https:\/\/www.mercedesballesteros.es\/index.php?rest_route=\/wp\/v2\/pages"}],"about":[{"href":"https:\/\/www.mercedesballesteros.es\/index.php?rest_route=\/wp\/v2\/types\/page"}],"author":[{"embeddable":true,"href":"https:\/\/www.mercedesballesteros.es\/index.php?rest_route=\/wp\/v2\/users\/1"}],"replies":[{"embeddable":true,"href":"https:\/\/www.mercedesballesteros.es\/index.php?rest_route=%2Fwp%2Fv2%2Fcomments&post=18"}],"version-history":[{"count":36,"href":"https:\/\/www.mercedesballesteros.es\/index.php?rest_route=\/wp\/v2\/pages\/18\/revisions"}],"predecessor-version":[{"id":6314,"href":"https:\/\/www.mercedesballesteros.es\/index.php?rest_route=\/wp\/v2\/pages\/18\/revisions\/6314"}],"wp:attachment":[{"href":"https:\/\/www.mercedesballesteros.es\/index.php?rest_route=%2Fwp%2Fv2%2Fmedia&parent=18"}],"curies":[{"name":"wp","href":"https:\/\/api.w.org\/{rel}","templated":true}]}}