{"id":2,"date":"2014-05-12T07:36:07","date_gmt":"2014-05-12T07:36:07","guid":{"rendered":"http:\/\/www.josezorita.es\/web\/webmercedes\/?page_id=2"},"modified":"2016-03-07T12:26:00","modified_gmt":"2016-03-07T12:26:00","slug":"sample-page","status":"publish","type":"page","link":"https:\/\/www.mercedesballesteros.es\/","title":{"rendered":"Biograf\u00eda"},"content":{"rendered":"<p>Mercedes Ballesteros nace en Noblejas (Toledo).<\/p>\n<p>Curs\u00f3 diversos estudios en la Escuela de Artes y Oficios obteniendo matr\u00edcula de Honor en Dibujo, al igual que la Beca de Modelado concedida por el Ministerio de Educaci\u00f3n y Ciencia.<\/p>\n<p>Reside en Madrid donde tiene su estudio.<\/p>\n<p>Su pueblo natal ha creado un certamen de pintura que lleva su nombre. A lo largo de su vida art\u00edstica, Mercedes Ballesteros ha sido seleccionada en numerosos cert\u00e1menes, como el Sal\u00f3n de Oto\u00f1o de Madrid, \u00f3 el de la ciudad de Nueva York, y ha obtenido distinciones como el primer premio en el Certamen Nacional Villa de Sotillo (\u00c1vila) y el de la Fundaci\u00f3n Wellington. Segundo premio Nacional de pintura Galer\u00eda Padilla, el de animal\u00edstica de San Ant\u00f3n, \u00f3 el de la C\u00e1mara de Comercio de Ar\u00e9valo (\u00c1vila), entre otros.<\/p>\n<p>Cuenta con m\u00e1s de 70 exposiciones por toda la geograf\u00eda nacional.<\/p>\n<p>Su nombre figura en numerosos libros, como \u201cGrandes Artistas de hoy\u201d de Ediciones Ecuador,\u201d \u201cQuien y Por Que\u201d 2000 y 2001 editados por Arte y Patrimonio, \u201cEl arte en Espa\u00f1a Memoria del 97\u201d, \u201cDiccionario Enciclop\u00e9dico de Pintores y Escultores del Siglo XX\u201d, etc.<\/p>\n<p>Sus obras se encuentran repartidas por toda la geograf\u00eda nacional y en Instituciones y Museos como el castillo de Larr\u00e9s de Sabi\u00f1\u00e1nigo (Huesca), el Ayuntamiento de Madrid, la Fundaci\u00f3n Wellington, el Museo Maite Esp\u00ednola de Azuaga, el Museo de Arte Contempor\u00e1neo de Marmolejo (Ja\u00e9n), el Museo L\u00f3pez Berr\u00f3n de Gotarrendura (\u00c1vila), Biblioteca Nacional Madrid etc.<\/p>\n<p>BIBLIOGRAFIA<\/p>\n<p>Diario 16, El punto de las Artes, Diario la Naci\u00f3n , Diario de \u00c1vila , Castilla la Mancha.com, Diario de Le\u00f3n, La mirada Actual, Correo de las Artes, El peri\u00f3dico de Extremadura, etc.<\/p>\n","protected":false},"excerpt":{"rendered":"<p>Mercedes Ballesteros nace en Noblejas (Toledo). Curs\u00f3 diversos estudios en la Escuela de Artes y Oficios obteniendo matr\u00edcula de Honor en Dibujo, al igual que la Beca de Modelado concedida por el Ministerio de Educaci\u00f3n y Ciencia. Reside en Madrid &hellip; <a href=\"https:\/\/www.mercedesballesteros.es\/\">Continuar<\/a><\/p>\n","protected":false},"author":1,"featured_media":0,"parent":0,"menu_order":0,"comment_status":"closed","ping_status":"closed","template":"","meta":{"kt_blocks_editor_width":""},"aioseo_notices":[],"_links":{"self":[{"href":"https:\/\/www.mercedesballesteros.es\/index.php?rest_route=\/wp\/v2\/pages\/2"}],"collection":[{"href":"https:\/\/www.mercedesballesteros.es\/index.php?rest_route=\/wp\/v2\/pages"}],"about":[{"href":"https:\/\/www.mercedesballesteros.es\/index.php?rest_route=\/wp\/v2\/types\/page"}],"author":[{"embeddable":true,"href":"https:\/\/www.mercedesballesteros.es\/index.php?rest_route=\/wp\/v2\/users\/1"}],"replies":[{"embeddable":true,"href":"https:\/\/www.mercedesballesteros.es\/index.php?rest_route=%2Fwp%2Fv2%2Fcomments&post=2"}],"version-history":[{"count":33,"href":"https:\/\/www.mercedesballesteros.es\/index.php?rest_route=\/wp\/v2\/pages\/2\/revisions"}],"predecessor-version":[{"id":220,"href":"https:\/\/www.mercedesballesteros.es\/index.php?rest_route=\/wp\/v2\/pages\/2\/revisions\/220"}],"wp:attachment":[{"href":"https:\/\/www.mercedesballesteros.es\/index.php?rest_route=%2Fwp%2Fv2%2Fmedia&parent=2"}],"curies":[{"name":"wp","href":"https:\/\/api.w.org\/{rel}","templated":true}]}}