{"id":371,"date":"2014-09-19T06:18:55","date_gmt":"2014-09-19T06:18:55","guid":{"rendered":"http:\/\/www.josezorita.es\/web\/webmercedes\/?page_id=371"},"modified":"2018-10-07T07:00:11","modified_gmt":"2018-10-07T07:00:11","slug":"noticias","status":"publish","type":"page","link":"https:\/\/www.mercedesballesteros.es\/?page_id=371","title":{"rendered":"Noticias"},"content":{"rendered":"<p>&nbsp;<\/p>\n<pre>LA CASA DE LA PRESA\r\n\r\n<em>A Mercedes Ballesteros<\/em><\/pre>\n<p>Nunca fui a la escuela, salvo un a\u00f1o, porque viv\u00eda junto a mis padres y tres hermanas en la casona de la presa del r\u00edo Tajo, que suministraba de electricidad a varios pueblos de Toledo, Guadalajara y Madrid y dista nueve km. del pueblo m\u00e1s cercano. Eran los a\u00f1os 50, los de mi ni\u00f1ez, los de la patria de la infancia para siempre. Aunque la presa del Pont\u00f3n Grande estaba situada en el t\u00e9rmino municipal de Noblejas, a \u00e9ste no le abastec\u00eda de luz, algo incomprensible o extra\u00f1o para mi entendimiento \u00a0de ni\u00f1a. Durante el tiempo libre de su trabajo y el domingo como d\u00eda de descanso -cuando no ten\u00eda guardia-, mi \u00a0padre se empe\u00f1aba en ense\u00f1arnos a leer y a escribir a mis hermanas y a m\u00ed, lo mismo que hab\u00eda hecho con numerosos hombres del pueblo \u2013entonces hab\u00eda mucho analfabetismo-, no porque fuera maestro, sino porque hab\u00eda estudiado en un convento y pose\u00eda buenas dotes para la docencia. Mi padre dec\u00eda que sus hijas \u00e9ramos las alumnas m\u00e1s d\u00edscolas que hab\u00eda conocido, pues con frecuencia nos cans\u00e1bamos y protest\u00e1bamos de su ense\u00f1anza prolongada, contando en todo momento con el apoyo verbal de mi madre, que siempre le parec\u00eda m\u00e1s \u00fatil vernos bordar o tejer el esparto, que hablar de incomprensibles sustantivos, verbos y adverbios.<\/p>\n<p>En la gran casa de dos alturas junto a la presa, viv\u00edan seis familias, dos de los jefes en la fachada oeste y cuatro de los subalternos en la fachada este. Una amplia lonja y un camino ancho nos separaba del edificio de maquinaria que controlaba el salto de agua para proporcionar la luz, luces que divis\u00e1bamos en la noche de dos de los pueblos cercanos en la Mesa de Oca\u00f1a. Junto a la puerta principal, cuatro crecidas acacias daban sombra en verano y se despojaban gentilmente de las hojas en invierno para permitir que los rayos de sol llegaran a nuestras ventanas. En torno a la casa hab\u00eda una buena extensi\u00f3n de tierra parcelada en huertos, para que cultivase cada familia de la prensa. Nuestro huerto era siempre el m\u00e1s floreciente, porque particularmente mi madre se encargaba de cuidar todas y cada una de las tareas por hacer: riego, fumigaci\u00f3n, escarda, poda, labrant\u00edo\u2026 Nuestros tomates eran los m\u00e1s brillantes, nuestras peras, las m\u00e1s jugosas, y nuestros melocotones los m\u00e1s sabrosos y arom\u00e1ticos. Con todas las hortalizas y frutos nos procur\u00e1bamos una econom\u00eda suplementaria, cuando los llev\u00e1bamos a vender a los distintos pueblos de la Mesa. Mi madre era una gran mujer de negocios; con el sueldo de mi padre y los productos del huerto fue capaz de comprar peque\u00f1as casas del pueblo medio derruidas y abandonadas, para levantarlas poco a poco con la ayuda de dos j\u00f3venes alarifes, y con el sue\u00f1o de tener un hogar propio cuando le llegara la jubilaci\u00f3n de su marido y obsequiar con una vivienda a cada una de sus hijas a medida que se fueran casando. La gente del pueblo \u2013cuando no la envidiaba- admiraba su tes\u00f3n y sentido del trabajo. Mi madre lleg\u00f3 a hacer un apreciable patrimonio inmobiliario en Noblejas.<\/p>\n<p>El trueque de zanahorias, higos y peras de nuestro huerto, por melones y sand\u00edas del cercano Colmenar de Oreja o Villaconejos, era otra costumbre entre la gente de la presa con los lugare\u00f1os de esos pueblos aleda\u00f1os. Lo mismo hac\u00edamos con los huevos de nuestras gallinas y el vino de los vecinos. Todo era una infancia feliz, en la que nunca pens\u00e9 si \u00e9ramos o no pobres, porque no nos sent\u00edamos tales y en sentido estricto tampoco lo \u00e9ramos. Mi madre sab\u00eda coser y mis hermanas y yo aprendimos pronto, por lo que nuestros vestidos eran siempre primorosos cuando los luc\u00edamos en las fiestas de Noblejas. Toda nuestra distracci\u00f3n en la casa de la presa era la radio con sus interminables seriales dram\u00e1ticos, los cuadernos de dibujo \u2013hoy soy pintora- y los libros de cuentos, por lo que la lectura fue el para\u00edso de la imaginaci\u00f3n en nuestra ni\u00f1ez.<\/p>\n<p>Estaba claro que mi padre era el intelectual de la casa y mi madre la ec\u00f3noma de la misma. Una conjunci\u00f3n perfecta para la marcha de nuestra familia numerosa. Como ya dije, solo un a\u00f1o acud\u00ed a la escuela de Noblejas, el de mi primera comuni\u00f3n, porque deb\u00ed prepararme en las clases de doctrina cristiana en la iglesia, para poder recibir el sacramento. Viv\u00ed durante un a\u00f1o en casa de mi t\u00eda Mercedes, una buena mujer, pero yo echaba de menos a mis padres, a mis hermanas y a la casa de la presa, donde sent\u00eda que, desde la naturaleza abierta, el planeta Tierra era m\u00e1s m\u00edo y, en la noche, el universo se hac\u00eda m\u00e1s misterioso cuando miraba las estrellas del firmamento. Me acordaba de las bellas mariposas que brotaban presumidas en las jaras durante la primavera, de los abejarucos multicolores que dorm\u00edan en los nidos de los cerros, de los abundantes albardines para obtener esparto, de las canteras de yeso cercanas&#8230; La Mesa de Oca\u00f1a es una tierra hermosa y gentil; la veguilla del Tajo, una bendici\u00f3n de Dios. Las estaciones del a\u00f1o est\u00e1n all\u00ed esculpidas a cincel: primaveras dulces, veranos t\u00f3rridos, oto\u00f1os frescos e inviernos congelados.<\/p>\n<p>Todas mis hermanas tuvieron que pasar un a\u00f1o con la t\u00eda Mercedes para asistir a la catequesis de la parroquia y, de paso, acudir a la escuela de Noblejas. Era como un contrapunto a nuestra vida habitual en la naturaleza junto a la casa de la presa.<\/p>\n<p>Solo en una casa como la de la presa se pod\u00eda disfrutar de una vida espont\u00e1nea y abierta como la nuestra. Algunos vecinos de la casa ten\u00edan hijos de nuestra edad y eso nos permit\u00eda conocer y ampliar lo suficiente el horizonte humano. Vivir la zozobra intensiva cuando Fernandito se perdi\u00f3 en el campo y no lo encontraron los vecinos hasta las doce de la noche, sin que dos de los subalternos pudieran abandonar la vigilancia de la presa, pese a su deseo de rescatar al ni\u00f1o. A punto estuvimos de pedir ayuda a la Guardia Civil. Otro atardecer memorable fue la mordedura de perro de una ni\u00f1a de la casa, por lo que hubo que buscar urgentemente al m\u00e9dico de un pueblo cercano, para que le administrara la inyecci\u00f3n del t\u00e9tanos; o la ca\u00edda del burro de una de mis hermanas, que acab\u00f3 de bruces en el camino de tierra y piedras, por lo que estuvo con la cara llena de heridas, primero, y de costras, despu\u00e9s, durante todo un verano. El secreto mejor guardado fue el de mi hermana Pili, que una tarde se acerc\u00f3 al edificio del salto de agua y en un descuido de mi padre tom\u00f3 su p\u00e9rtiga y baj\u00f3 la palanca que permit\u00eda el suministro de luz a uno de los pueblos. Colmenar de Oreja estuvo a ciegas al menos un par de horas en la noche, hasta que se dio cuenta mi padre, quien\u00a0 no comprend\u00eda como pudo haber sucedido. Quiz\u00e1s alg\u00fan ave o rat\u00f3n, explicaba. Mi hermana Pili guardo el secreto hasta su mayor\u00eda de edad. Pero la experiencia m\u00e1s terrible la tuve yo otra tarde, cuando paseaba por el camino terroso cercano al Tajo. Un bulto grande flotaba en el agua. Me fui acercando y me fijaba m\u00e1s y mejor en \u00e9l. Parec\u00eda un hombre boca abajo. La corriente lo arrastraba mientras me palpitaba con fuerza el coraz\u00f3n. De pronto el bulto se detuvo ante el ramaje de un \u00e1rbol ca\u00eddo en la orilla y se dio la vuelta. \u00a1Era un hombre! Di un grito y corr\u00ed a buscar a mi padre. Fueron tres trabajadores a rescatarlo. Hablaban entre ellos de un posible suicida. Yo no sab\u00eda qu\u00e9 era eso. Lo sacaron a la orilla y, cuando nos vieron husmear a los chicos, ordenaron que nos fu\u00e9ramos a casa. Los mayores siempre nos privaban de los acontecimientos m\u00e1s intensos, pero yo ya hab\u00eda visto la cara del muerto. Aquel atardecer si lle\u00f3 la Guardia Civil. No pude dormir aquella noche, m\u00e1s que a sobresaltos. La idea de la muerte, una entelequia literaria de los libros hasta entonces, hab\u00eda cristalizado ante mis ojos. La muerte como reverso de la vida. La muerte como fin de la existencia. La muerte como realidad palpable y cercana. El r\u00edo se me antoj\u00f3 cruel y enemigo; la corriente del agua me pareci\u00f3 peligrosa, asesina. Nunca aprend\u00ed a nadar como mis hermanas, por m\u00e1s que se empe\u00f1aron mis padres. El rostro del muerto volv\u00eda a mis ojos. La tarde del ahogado acab\u00f3 con la inocencia de la ni\u00f1a, con la candidez de la infancia.<\/p>\n<p>*****<\/p>\n<p>He vuelto a la casa de la presa y he sentido una punzada en el coraz\u00f3n de mis recuerdos. Iba con caballete, lienzo y tubos de \u00f3leo con la intenci\u00f3n de pintar un cuadro sobre ella, pero no he podido. El gran edificio est\u00e1 destartalado, con puertas y ventanas desvencijadas o sin marcos; jambas arrancadas de su sitio y dinteles descuajeringados; los vanos abren el edificio a la inclemencia de la intemperie; las paredes interiores est\u00e1n pintarrajeadas y ahumadas por los fuegos furtivos que all\u00ed han encendido vagabundos, okupas, drogatas o pr\u00f3fugos. Nada que ver con el lugar paradis\u00edaco que la casa de la presa fue durante mi infancia. La explanada que la antecede est\u00e1 invadida por matojos, cubierta de avena falsa, jaramagos, lechocinos o ran\u00fanculos. Solo las malvas diminutas y los dientes de le\u00f3n ponen un toque de color en aquella maleza ocre y pajiza, que ha recubierto hasta el sendero que conduce a la puerta principal. Las acacias laterales han crecido tanto, que algunas ramas entran en el edificio o posan en el tejado para regocijo de gorriones y golondrinas que han instalado all\u00ed sus nidos. Las uvas de gato tapizan de verd\u00edn las tejas \u00e1rabes maltrechas del tejado. La casa de la presa, tan a\u00f1orada por m\u00ed, se ha convertido en un estafermo del pasado, un mastodonte decr\u00e9pito en el que reina el abandono y la incuria. Una mole engullida por la broza y varada en el olvido. Pese a todo, la amo, aunque no pude pintarla aquel d\u00eda. FIN<\/p>\n<p><strong>Julia S\u00e1ez-Angulo<\/strong><\/p>\n<p>&nbsp;<\/p>\n<pre>Art\u00edculo de Beatriz Recuero Izquierdo a Mercedes Ballesteros.\r\nLcda. Historia del Arte y Cer\u00e1mica art\u00edstica.<\/pre>\n<p>BRILLA SU MIRADA<\/p>\n<p>Brilla su mirada tras el caballete, se asoma Mercedes Ballesteros. Me analiza amable y tiernamente, muy concentrada.<\/p>\n<p>En la intimidad de tu estudio el mundo nos encierra en suave veladura. Instantes en los cuales nada existe, salvo la observaci\u00f3n, la luz, el color, interesantes conversaciones, t\u00fa y yo.<\/p>\n<p>Valiente y constante, de talento natural, sin miedo a aprender. Mujer y artista referente a la hora de superar retos en tu personal universo y en el de las sagradas Bellas Artes.<\/p>\n<p>Atiendes, recibes y emites la ense\u00f1anza de tu oficio vocacional, la pintura. Encarnas la inquebrantable grandeza de la humildad. En tus representaciones es notable la evoluci\u00f3n. Siempre adelante.<\/p>\n<p>Sobre la peque\u00f1a tarima que montaste, la perspectiva es crucial. Proponemos poses, recreamos escenas que ser\u00e1n inmortalizadas en el imaginario de tu obra. Subida y quieta he visto durante varios ciclos a trav\u00e9s del cristal como los \u00e1rboles cambian su vestimenta, sus hojas pasan por toda una gama de color, hasta que quedan desnudos. Primavera, verano, Oto\u00f1o, Invierno&#8230; a\u00f1o tras a\u00f1o.<\/p>\n<p>Desnudas las ramas, as\u00ed me desnudo ante ti. No solo soy anatom\u00eda, soy un alma transparente que abre sus alas para abrazar tu inspiraci\u00f3n.<\/p>\n<p>A trav\u00e9s de infinitos matices que impregnas y fundes en mi piel&#8230;<\/p>\n<p>A trav\u00e9s de contraluces recortados de complementarios, la luz en la sombra, la sombra en la luz&#8230;<\/p>\n<p>A trav\u00e9s de lo que ves y yo no sab\u00eda ver&#8230;<\/p>\n<p>Me ense\u00f1aste a ser consciente del milagro del Arte y del valor de la amistad.<\/p>\n<p>En tan grato clima, maravilloso entorno, la confianza va m\u00e1s all\u00e1 de nosotras mismas. Nos vemos como somos realmente reflejadas ambas en el certero espejo del lienzo o del papel.<\/p>\n<p>Figuras que habitan una atm\u00f3sfera propia, tranquilas, relajadas, sensuales. Listas para que el p\u00fablico disfrute como lo haces t\u00fa cuando te sumerges en tu trabajo.<\/p>\n<p>Y de repente el silencio se rompe, tu risue\u00f1a voz :<\/p>\n<p>\u2014 \u00a1 Qu\u00e9 bonita es la acuarela!\u2014<\/p>\n<p>\u2014\u00a1 Me encanta pintar!\u2014<\/p>\n<p>Acto seguido nos re\u00edmos las dos, porque todo est\u00e1 bien<\/p>\n<p>Cuidas a los dem\u00e1s, me cuidas, pendiente de que no pase fr\u00edo, aconsej\u00e1ndome constantemente que haga estiramientos para mi comodidad. Qu\u00e9 gran aventura y oportunidad es ser tu modelo. Qu\u00e9 suerte tengo.<\/p>\n<p>\u00a1C\u00f3mo explicar esta bonita complicidad! El tiempo se congela y se revela el m\u00e1s importante prop\u00f3sito de la existencia: crear, crear y crear.<\/p>\n<p>Siempre contigo, Mercedes.<\/p>\n<p>Gracias.<\/p>\n<p>Bea.<\/p>\n<pre>18.06.2012\u00a0Mercedes Ballesteros, \u201c30 A\u00f1os en el Arte (1982 \u2013 2012)\u201d en  el  Centro  San  Clemente de Toledo. \r\nPublicaci\u00f3n de Julia S\u00e1ez-Angulo y Dolores Gallardo en \"la Mirada Actual\".<\/pre>\n<p><a href=\"http:\/\/www.josezorita.es\/web\/webmercedes\/wp-content\/uploads\/2014\/09\/JuliaSaezEDIC1925290.jpg\"><img decoding=\"async\" loading=\"lazy\" class=\"alignnone size-full wp-image-382\" src=\"http:\/\/www.josezorita.es\/web\/webmercedes\/wp-content\/uploads\/2014\/09\/JuliaSaezEDIC1925290.jpg\" alt=\"JuliaSaezEDIC192(5)(290)\" width=\"290\" height=\"216\" \/><\/a><\/p>\n<p>En el Centro Cultural San Clemente de la Diputaci\u00f3n de Toledo se inaugura la exposici\u00f3n de pintura de \u201c<em>Mercedes Ballesteros, 30 A\u00f1os en el Arte (1982 \u2013 2012)\u201d<\/em>. El acto tendr\u00e1 lugar el pr\u00f3ximo jueves, 21 de junio, a las 19,30 horas de la tarde. La muestra permanecer\u00e1 abierta durante los meses de junio y julio de 2012.<\/p>\n<p>Julia S\u00e1ez-Angulo, miembro de la Asociaci\u00f3n Internacional\u00a0de Cr\u00edticos de Arte, AICA, ha escrito en el cat\u00e1logo:<\/p>\n<p>\u201cMercedes Ballesteros (Noblejas. Toledo, 1946) adquiri\u00f3 desde muy joven un compromiso profundo con el Arte cuando, despu\u00e9s de su pulsi\u00f3n inicial de abordarlo en la Escuela, mereci\u00f3 muy pronto matr\u00edcula de honor en Dibujo y beca de Modelado. Su empe\u00f1o ha estado siempre en plasmar la realidad de la figura en una sinton\u00eda perfecta de ojo que mira y mano que ejecutora, a trav\u00e9s del conocimiento y dominio del lenguaje.<\/p>\n<p>No le han importado los g\u00e9neros; para ella la emoci\u00f3n est\u00e9tica se expresa adecuadamente en dibujo, pintura \u2013\u00f3leo o acuarela-, escultura, collage, grabado\u2026 Todas las t\u00e9cnicas al servicio de todos los g\u00e9neros: figura \u2013desnudo, retrato&#8211;, paisajes, marinas, bodegones, artes decorativas\u2026 La inteligencia de la artista sabe elegir en cada momento lo que desea hacer y en qu\u00e9 soportes o materiales llevarlo a cabo. Esta exposici\u00f3n en Toledo da cuenta de ello.<\/p>\n<p>Treinta a\u00f1os de trabajo art\u00edstico constituyen una larga ejecutoria profesional que se traduce en numerosas exposiciones, premios, galardones y reconocimientos. En su gran taller, en su estudio madrile\u00f1o, donde se ejerce la docencia del Arte, Mercedes Ballesteros trabaja cada d\u00eda con una entrega gozosa. Cada cuadro es un reto de superaci\u00f3n, una tarea imparable en busca de la excelencia.<\/p>\n<p><strong>La luz, clave de la pintura<\/strong><\/p>\n<p>\u201cLa luz me ayuda a componer en la pintura. All\u00ed donde est\u00e1 la luz converge la mirada\u201d, explica Mercedes Ballesteros ante sus cuadros. \u201cEn el retrato son muy importantes los movimientos del modelo porque son los que hay que reflejar en el cuadro. La fotograf\u00eda es plana; la pintura, no\u201d, a\u00f1ade.<\/p>\n<p>El arte exige reflexi\u00f3n para plasmar el concepto de la mente en la materialidad de la obra art\u00edstica. La autora toledana se plantea las formas y los vol\u00famenes, disfruta en la aplicaci\u00f3n del color y las texturas, juega con las apariencias en la pintura cuando refleja los mantones de Manila o los manteles bordados hasta llegar en ocasiones al trampantojo.<\/p>\n<p>Mercedes Ballesteros es una artista que admira la pintura espa\u00f1ola del Siglo de Oro y le hace homenajes y gui\u00f1os, cuando pinta algunos desnudos con espejo &#8211;ecos de la Venus velazque\u00f1a&#8211;, o jugosos bodegones de frutas entre cer\u00e1micas y vasos de cristal, en la l\u00ednea de S\u00e1nchez Cot\u00e1n o del dieciochesco Mel\u00e9ndez.<\/p>\n<p>En medio de la amplia creatividad art\u00edstica contempor\u00e1nea, son muchos los que disfrutan con una pintura de factura cl\u00e1sica y tradicional como la de Mercedes Ballesteros. Es la que ella ha elegido con vocaci\u00f3n y libertad, con seguridad sobre lo que hace y quiere hacer. Lo real se presenta como un interrogante y afrontarlo es un desaf\u00edo.<\/p>\n<p>La pintura ha sido calificada siempre como ilusion\u00edstica, porque ofrece relieves visuales en la\u00a0<em>planitud<\/em>\u00a0del lienzo. La pintora toledana muestra ahora su quehacer art\u00edstico de tres d\u00e9cadas y conf\u00eda en que, al contemplarlo, el espectador disfrute tanto como ella al hacerlo\u201d.<\/p>\n<pre>02.12.2010 Mantones de Manila y bordados en la pintura de Mercedes Ballesteros (Blog \"La Mirada Actual\")<\/pre>\n<p><a href=\"http:\/\/www.josezorita.es\/web\/webmercedes\/wp-content\/uploads\/2014\/09\/01_mirada.jpg\"><img decoding=\"async\" loading=\"lazy\" class=\"alignnone size-full wp-image-372\" src=\"http:\/\/www.josezorita.es\/web\/webmercedes\/wp-content\/uploads\/2014\/09\/01_mirada.jpg\" alt=\"01_mirada\" width=\"130\" height=\"130\" \/><\/a><\/p>\n<p>Julia S\u00e1ez-Angulo.<br \/>\nDos exposiciones en Madrid, una en la Casa de Cantabria y otra en Expo-Metro han dado cuenta de la pintura al \u00f3leo de Mercedes Ballesteros, en la que los textiles, principalmente los mantones de Manila y los bordados forman uno de los temas m\u00e1s compactos de su repertorio. Esta especialidad ha despertado inter\u00e9s en la ciudad hist\u00f3rica de Sig\u00fcenza (Guadalajara), donde llevar\u00e1 a cabo una exposici\u00f3n conjunta de pintura y ejemplares de mantones de Manila, que sirvieron de modelo.<br \/>\nLos cuadros de Mercedes Ballesteros muestran un detallado preciosismo a la hora de interpretar los ramajes y las flores bordadas de los mantones, por lo que el resultado es un cromatismo encendido sobre el lienzo y cierto trampantojo sobre la realidad representada: flores o p\u00e1jaros procedentes de los bordados de seda sobre la tela.<br \/>\nAsociado en su nombre a la capital de Filipinas, el mant\u00f3n de Manila lleg\u00f3 a Espa\u00f1a en el siglo XVI desde Extremo Oriente, a trav\u00e9s de los barcos que llegaban de China a la entonces colonia espa\u00f1ola de Filipinas, desde donde part\u00edan, de nuevo en barco hasta Espa\u00f1a. Aqu\u00ed hizo fortuna el mant\u00f3n y enraiz\u00f3 entre las mujeres y se hizo presente en numerosos trajes regionales. La ruta de los barcos Filipinas-M\u00e9xico-Sevilla fue la que introdujo el mant\u00f3n por el sur en la pen\u00ednsula, donde paulatinamente se le a\u00f1adieron los flecos.<\/p>\n<p>De los dragones a flores y p\u00e1jaros<br \/>\nBordados a mano con sedas de distintos colores, representaban en principio dragones, faroles, bamb\u00fa, pagodas y otros elementos de la China, pero paulatinamente se fueron adaptando al gusto espa\u00f1ol, tanto en Extremo Oriente como en las manufacturas espa\u00f1oles, que empezaron a fabricarlo y bordarlo con flores y p\u00e1jaros, dado el buen mercado que ten\u00eda entre el p\u00fablico femenino.<br \/>\nBlancos, negros, rojos, azules, verdes, crema&#8230; todos los mantones bordados son signo de fiesta y alegr\u00eda, m\u00e1xime con el a\u00f1adido de los flecos. El baile flamenco lo incorpor\u00f3 a su estilo, donde saber mover el mant\u00f3n, sin engancharse o tropezar, es todo un arte. Aunque el mant\u00f3n de Manila no es tan habitual entre las mujeres como lo fue, s\u00ed se reserva en la moda para realzar, por su colorido y primor, los trajes de velada o fiesta.<br \/>\nMercedes Ballesteros (Noblezas. Toledo), como buena toledana que conoce bien el bordado de las lagarteranas, ha querido incorporar la plasticidad de las distintas ca\u00eddas del mant\u00f3n de Manila, as\u00ed como el distinto colorido, a sus cuadros. Una especialidad muy de su pintura, que algunos han admirado como Pitita Ridruejo, una de las visitantes c\u00e9lebres de su exposici\u00f3n. Solo cabe esperar la futura muestra especializada y contrastada de pintura y ejemplares reales de mantones de Manila, que la autora presentar\u00e1 en la citada ciudad castellana.<br \/>\nEl pueblo de Noblejas convoca todos los a\u00f1os un premio de Pintura al aire libre con el nombre de Mercedes Ballesteros.<\/p>\n<pre>16.11.2010 Mercedes Ballesteros expone en la casa de Cantabria<\/pre>\n<p><a href=\"http:\/\/www.josezorita.es\/web\/webmercedes\/wp-content\/uploads\/2014\/09\/06_casadecantabria.jpg\"><img decoding=\"async\" loading=\"lazy\" class=\"alignnone size-full wp-image-373\" src=\"http:\/\/www.josezorita.es\/web\/webmercedes\/wp-content\/uploads\/2014\/09\/06_casadecantabria.jpg\" alt=\"06_casadecantabria\" width=\"130\" height=\"130\" \/><\/a><\/p>\n<p>Desde el pasado 16 de noviembre y hasta el d\u00eda 30 del m\u00edsmo mes tuvo lugar la exposici\u00f3n de las obras de Mercedes Ballesteros en la casa de Cantabria de Madrid<\/p>\n<pre>04.11.2010 Expometro: Dos T\u00e9cnicas - Dos Estilos<\/pre>\n<p><a href=\"http:\/\/www.josezorita.es\/web\/webmercedes\/wp-content\/uploads\/2014\/09\/05_expometro.jpg\"><img decoding=\"async\" loading=\"lazy\" class=\"alignnone size-full wp-image-374\" src=\"http:\/\/www.josezorita.es\/web\/webmercedes\/wp-content\/uploads\/2014\/09\/05_expometro.jpg\" alt=\"05_expometro\" width=\"130\" height=\"130\" \/><\/a><\/p>\n<p>Entre los d\u00edas 4 y 26 de Noviembre tuvo lugar la exposici\u00f3n \u00abDos T\u00e9cnicas &#8211; Dos Estilos\u00bb en la sala de exposiciones de \u00abExpometro\u00bb y en la que pudimos apreciar tanto \u00f3leos de Mercedes Ballesteros como acuarelas de Pablo Reviriego.<\/p>\n<pre>09.05.2010 Celebrado con gran \u00e9xito el \"I Certamen Nacional de Pintura R\u00e1pida Al Aire Libre Mercedes Ballesteros\"<\/pre>\n<p><a href=\"http:\/\/www.josezorita.es\/web\/webmercedes\/wp-content\/uploads\/2014\/09\/04_certamen.jpg\"><img decoding=\"async\" loading=\"lazy\" class=\"alignnone size-full wp-image-375\" src=\"http:\/\/www.josezorita.es\/web\/webmercedes\/wp-content\/uploads\/2014\/09\/04_certamen.jpg\" alt=\"04_certamen\" width=\"130\" height=\"130\" \/><\/a><\/p>\n<p>El pasado 9 de mayo de 2010 tuvo lugar en la localidad toledana de Noblejas el \u00abI Certamen Nacional de Pintura R\u00e1pida Al Aire Libre Mercedes Ballesteros\u00bb, organizado por el propio ayuntamiento de Noblejas y con la presencia de la pintora Toledana, Mercedes Ballesteros.<br \/>\nEl certamen cont\u00f3 con un gran n\u00famero de participantes repartidos en varias categor\u00edas.<\/p>\n<pre>12.03.2010\u00a0I Certamen Nacional de Pintura R\u00e1pida Al Aire Libre Mercedes Ballesteros<\/pre>\n<p><a href=\"http:\/\/www.josezorita.es\/web\/webmercedes\/wp-content\/uploads\/2014\/09\/03_certamen.jpg\"><img decoding=\"async\" loading=\"lazy\" class=\"alignnone size-full wp-image-376\" src=\"http:\/\/www.josezorita.es\/web\/webmercedes\/wp-content\/uploads\/2014\/09\/03_certamen.jpg\" alt=\"03_certamen\" width=\"130\" height=\"130\" \/><\/a><\/p>\n<p>El pr\u00f3ximo d\u00eda 9 de mayo de 2010 tendr\u00e1 lugar el \u00abI Certamen Nacional de Pintura R\u00e1pida Al Aire Libre Mercedes Ballesteros\u00bb, organizado por el ayuntamiento de Noblejas (Toledo) y al que da nombre la pintora Toledana afincada en Madrid, Mercedes Ballesteros.<br \/>\nEl certamen est\u00e1 coordinado por el pintor abulense Pablo Reviriego Moreno<\/p>\n<pre>15.02.2010\u00a0Arranca la p\u00e1gina oficial de Mercedes Ballesteros<\/pre>\n<p><a href=\"http:\/\/www.josezorita.es\/web\/webmercedes\/wp-content\/uploads\/2014\/09\/02_mbweb.jpg\"><img decoding=\"async\" loading=\"lazy\" class=\"alignnone size-full wp-image-377\" src=\"http:\/\/www.josezorita.es\/web\/webmercedes\/wp-content\/uploads\/2014\/09\/02_mbweb.jpg\" alt=\"02_mbweb\" width=\"130\" height=\"130\" \/><\/a><\/p>\n<p>Desde mediados de febrero ya est\u00e1 accesible la web oficial de la artista toledana Mercedes Ballesteros, pod\u00e9is encontrar desde sus datos biogr\u00e1ficos hasta un gran n\u00famero de sus obras.<br \/>\nSe puede visitar su extenso cat\u00e1logo de \u00f3leos que abarcan multitud de temas, destacando los bordados y mantones de manila, los desnudos o sus paisajes.<br \/>\nLa web se ir\u00e1 actualizando continuamente con sus \u00faltimas exposiciones, sus nuevas obras y con noticias de inter\u00e9s.<\/p>\n","protected":false},"excerpt":{"rendered":"<p>&nbsp; LA CASA DE LA PRESA A Mercedes Ballesteros Nunca fui a la escuela, salvo un a\u00f1o, porque viv\u00eda junto a mis padres y tres hermanas en la casona de la presa del r\u00edo Tajo, que suministraba de electricidad a &hellip; <a href=\"https:\/\/www.mercedesballesteros.es\/?page_id=371\">Continuar<\/a><\/p>\n","protected":false},"author":1,"featured_media":0,"parent":0,"menu_order":0,"comment_status":"closed","ping_status":"closed","template":"","meta":{"kt_blocks_editor_width":""},"aioseo_notices":[],"_links":{"self":[{"href":"https:\/\/www.mercedesballesteros.es\/index.php?rest_route=\/wp\/v2\/pages\/371"}],"collection":[{"href":"https:\/\/www.mercedesballesteros.es\/index.php?rest_route=\/wp\/v2\/pages"}],"about":[{"href":"https:\/\/www.mercedesballesteros.es\/index.php?rest_route=\/wp\/v2\/types\/page"}],"author":[{"embeddable":true,"href":"https:\/\/www.mercedesballesteros.es\/index.php?rest_route=\/wp\/v2\/users\/1"}],"replies":[{"embeddable":true,"href":"https:\/\/www.mercedesballesteros.es\/index.php?rest_route=%2Fwp%2Fv2%2Fcomments&post=371"}],"version-history":[{"count":10,"href":"https:\/\/www.mercedesballesteros.es\/index.php?rest_route=\/wp\/v2\/pages\/371\/revisions"}],"predecessor-version":[{"id":534,"href":"https:\/\/www.mercedesballesteros.es\/index.php?rest_route=\/wp\/v2\/pages\/371\/revisions\/534"}],"wp:attachment":[{"href":"https:\/\/www.mercedesballesteros.es\/index.php?rest_route=%2Fwp%2Fv2%2Fmedia&parent=371"}],"curies":[{"name":"wp","href":"https:\/\/api.w.org\/{rel}","templated":true}]}}